{"id":685,"date":"2022-04-17T14:40:34","date_gmt":"2022-04-17T14:40:34","guid":{"rendered":"https:\/\/gnsracing.com\/?page_id=685"},"modified":"2024-03-31T01:27:15","modified_gmt":"2024-03-31T01:27:15","slug":"2022-resultats","status":"publish","type":"page","link":"https:\/\/gnsracing.com\/?page_id=685","title":{"rendered":"2022 R\u00e9sultats"},"content":{"rendered":"\n<h2 class=\"has-text-align-center wp-block-heading\" id=\"2022-results\">2022 R\u00e9sultats<\/h2>\n\n\n\n<figure class=\"wp-block-table is-style-stripes\"><table><tbody><tr><td class=\"has-text-align-center\" data-align=\"center\"><a href=\"https:\/\/gnsracing.com\/results\/2022\/2022-SPRRS.html\" data-type=\"URL\" data-id=\"https:\/\/gnsracing.com\/results\/2022\/2022-SPRRS.html\" target=\"_blank\" rel=\"noreferrer noopener\">S\u00e9rie de pratique GNS<\/a><\/td><\/tr><tr><td class=\"has-text-align-center\" data-align=\"center\"><\/td><\/tr><\/tbody><\/table><\/figure>\n\n\n\n<figure class=\"wp-block-table\"><table><tbody><tr><td><a href=\"https:\/\/gnsracing.com\/results\/2022\/2022-SPRR1.html\" data-type=\"URL\" data-id=\"https:\/\/gnsracing.com\/results\/2022\/2022-SPRR1.html\" target=\"_blank\" rel=\"noreferrer noopener\">Course 1 &#8211; 17 mai<\/a><\/td><td><a href=\"https:\/\/gnsracing.com\/results\/2022\/2022-SPRR2.html\" data-type=\"URL\" data-id=\"https:\/\/gnsracing.com\/results\/2022\/2022-SPRR2.html\" target=\"_blank\" rel=\"noreferrer noopener\">Course 2 &#8211; 19 mai<\/a><\/td><\/tr><\/tbody><\/table><\/figure>\n\n\n\n<figure class=\"wp-block-table is-style-stripes\"><table><tbody><tr><td class=\"has-text-align-center\" data-align=\"center\">S\u00e9ries Interclub GNS 1 &amp; 2<\/td><\/tr><tr><td class=\"has-text-align-center\" data-align=\"center\"><\/td><\/tr><\/tbody><\/table><\/figure>\n\n\n\n<figure class=\"wp-block-table\"><table><thead><tr><th><a href=\"https:\/\/gnsracing.com\/results\/2022\/2022-s1rs.html\" data-type=\"URL\" data-id=\"https:\/\/gnsracing.com\/results\/2022\/2022-s1rs.html\" target=\"_blank\" rel=\"noreferrer noopener\">S\u00e9rie 1 du mardi<\/a><\/th><th><a href=\"https:\/\/gnsracing.com\/results\/2022\/2022-s2rs.pdf\" data-type=\"URL\" data-id=\"https:\/\/gnsracing.com\/results\/2022\/2022-s2rs.pdf\" target=\"_blank\" rel=\"noreferrer noopener\">S\u00e9rie 2 du jeudi<\/a><\/th><\/tr><\/thead><tbody><tr><td><a href=\"https:\/\/gnsracing.com\/results\/2022\/2022-s1r1.html\" data-type=\"URL\" target=\"_blank\" rel=\"noreferrer noopener\">Course 1 &#8211; 24 mai<\/a><\/td><td><a rel=\"noreferrer noopener\" href=\"https:\/\/gnsracing.com\/results\/2022\/2022-s2r1.pdf\" data-type=\"URL\" data-id=\"https:\/\/gnsracing.com\/results\/2022\/2022-s2r1.pdf\" target=\"_blank\">Course 1 &#8211; 26 m<\/a><a href=\"https:\/\/gnsracing.com\/results\/2022\/2022-s2r1.html\" data-type=\"URL\" target=\"_blank\" rel=\"noreferrer noopener\">ai<\/a><\/td><\/tr><tr><td><a href=\"https:\/\/gnsracing.com\/results\/2022\/2022-s1r2.html\" data-type=\"URL\" target=\"_blank\" rel=\"noreferrer noopener\">Course 2 &#8211; 31 mai<\/a><\/td><td><a href=\"https:\/\/gnsracing.com\/results\/2022\/2022-s2r2.html\" data-type=\"URL\" target=\"_blank\" rel=\"noreferrer noopener\">Course 2 &#8211; 2 juin<\/a><\/td><\/tr><tr><td><a href=\"https:\/\/gnsracing.com\/results\/2022\/2022-s1r3.html\" data-type=\"URL\" target=\"_blank\" rel=\"noreferrer noopener\">Course 3 &#8211; 7 juin<\/a><\/td><td><a href=\"https:\/\/gnsracing.com\/results\/2022\/2022-s2r3.html\" data-type=\"URL\" target=\"_blank\" rel=\"noreferrer noopener\">Course 3 &#8211; 9 juin<\/a><\/td><\/tr><tr><td><a href=\"https:\/\/gnsracing.com\/results\/2022\/2022-s1r4.html\" data-type=\"URL\" target=\"_blank\" rel=\"noreferrer noopener\">Course 4 &#8211; 14 juin<\/a><\/td><td><a href=\"https:\/\/gnsracing.com\/results\/2022\/2022-s2r4.html\" data-type=\"URL\" target=\"_blank\" rel=\"noreferrer noopener\">Course 4 &#8211; 16 juin<\/a><\/td><\/tr><tr><td><a href=\"https:\/\/gnsracing.com\/results\/2022\/2022-s1r5.html\" data-type=\"URL\" target=\"_blank\" rel=\"noreferrer noopener\">Course 5 &#8211; 21 juin<\/a><\/td><td><a href=\"https:\/\/gnsracing.com\/results\/2022\/2022-s2r5.html\" data-type=\"URL\" target=\"_blank\" rel=\"noreferrer noopener\">Course 5 &#8211; 23 juin<\/a><\/td><\/tr><tr><td><a href=\"https:\/\/gnsracing.com\/results\/2022\/2022-s1r6.html\" data-type=\"URL\" target=\"_blank\" rel=\"noreferrer noopener\">Course 6 &#8211; 28 juin<\/a><\/td><td><a href=\"https:\/\/gnsracing.com\/results\/2022\/2022-s2r6.html\" data-type=\"URL\" target=\"_blank\" rel=\"noreferrer noopener\">Course 6 &#8211; 30 juin<\/a><\/td><\/tr><\/tbody><\/table><\/figure>\n\n\n\n<figure class=\"wp-block-table is-style-stripes\"><table><tbody><tr><td class=\"has-text-align-center\" data-align=\"center\">S\u00e9rie  SailWeek GNS<\/td><\/tr><tr><td class=\"has-text-align-center\" data-align=\"center\"><\/td><\/tr><\/tbody><\/table><\/figure>\n\n\n\n<figure class=\"wp-block-table\"><table><tbody><tr><td><a href=\"https:\/\/gnsracing.com\/results\/2022\/GNS-2022-PCYC.html\" data-type=\"URL\" data-id=\"https:\/\/gnsracing.com\/results\/2022\/GNS-2022-PCYC.html\" target=\"_blank\" rel=\"noreferrer noopener\">YCPC Annuelle<\/a><\/td><td><a href=\"https:\/\/gnsracing.com\/results\/2022\/GNS-2022-SWRS.html\" data-type=\"URL\" data-id=\"https:\/\/gnsracing.com\/results\/2022\/GNS-2022-SWRS.html\" target=\"_blank\" rel=\"noreferrer noopener\">SailWeek complet<\/a> <\/td><td><a href=\"https:\/\/gnsracing.com\/results\/2022\/GNS-2022-BYC.html\" data-type=\"URL\" data-id=\"https:\/\/gnsracing.com\/results\/2022\/GNS-2022-BYC.html\" target=\"_blank\" rel=\"noreferrer noopener\">YCB Annuelle<\/a><\/td><\/tr><tr><td><a href=\"https:\/\/gnsracing.com\/results\/2022\/GNS-2022-SWR1.html\" data-type=\"URL\" data-id=\"https:\/\/gnsracing.com\/results\/2022\/GNS-2022-SWR1.html\" target=\"_blank\" rel=\"noreferrer noopener\">Course 1 &#8211; 2 juillet<\/a><\/td><td><a href=\"https:\/\/gnsracing.com\/results\/2022\/2022-s3r1.html\" data-type=\"URL\" data-id=\"https:\/\/gnsracing.com\/results\/2022\/2022-s3r1.html\" target=\"_blank\" rel=\"noreferrer noopener\">Course 4 &#8211; 5 juillet<\/a><\/td><td><a href=\"https:\/\/gnsracing.com\/results\/2022\/GNS-2022-SWR7.html\" data-type=\"URL\" data-id=\"https:\/\/gnsracing.com\/results\/2022\/GNS-2022-SWR7.html\" target=\"_blank\" rel=\"noreferrer noopener\">Course 7 &#8211; 9 juillet<\/a><\/td><\/tr><tr><td><a href=\"https:\/\/gnsracing.com\/results\/2022\/GNS-2022-SWR2.html\" data-type=\"URL\" data-id=\"https:\/\/gnsracing.com\/results\/2022\/GNS-2022-SWR2.html\" target=\"_blank\" rel=\"noreferrer noopener\">Course 2 &#8211; 2 juillet<\/a><\/td><td><a href=\"https:\/\/gnsracing.com\/results\/2022\/GNS-2022-SWR5.html\" data-type=\"URL\" data-id=\"https:\/\/gnsracing.com\/results\/2022\/GNS-2022-SWR5.html\" target=\"_blank\" rel=\"noreferrer noopener\">Course 5 &#8211; 6 juillet<\/a><\/td><td><a href=\"https:\/\/gnsracing.com\/results\/2022\/GNS-2022-SWR8.html\" target=\"_blank\" rel=\"noreferrer noopener\">Course 8 &#8211; 9 juillet<\/a><\/td><\/tr><tr><td><a href=\"https:\/\/gnsracing.com\/results\/2022\/GNS-2022-SWR3.html\" data-type=\"URL\" data-id=\"https:\/\/gnsracing.com\/results\/2022\/GNS-2022-SWR3.html\" target=\"_blank\" rel=\"noreferrer noopener\">Course 3 &#8211; 2 juillet<\/a><\/td><td><a href=\"https:\/\/gnsracing.com\/results\/2022\/2022-s4r1.html\" data-type=\"URL\" data-id=\"https:\/\/gnsracing.com\/results\/2022\/2022-s4r1.html\" target=\"_blank\" rel=\"noreferrer noopener\">Course 6 &#8211; 7 juillet<\/a><\/td><td><a href=\"https:\/\/gnsracing.com\/results\/2022\/GNS-2022-SWR9.html\" data-type=\"URL\" data-id=\"https:\/\/gnsracing.com\/results\/2022\/GNS-2022-SWR9.html\" target=\"_blank\" rel=\"noreferrer noopener\">Course 9 &#8211; 9 juillet<\/a><\/td><\/tr><\/tbody><\/table><\/figure>\n\n\n\n<figure class=\"wp-block-table is-style-stripes\"><table><tbody><tr><td class=\"has-text-align-center\" data-align=\"center\">S\u00e9ries Interclub GNS 3 &amp; 4<\/td><\/tr><tr><td class=\"has-text-align-center\" data-align=\"center\"><\/td><\/tr><\/tbody><\/table><\/figure>\n\n\n\n<figure class=\"wp-block-table\"><table><thead><tr><th><a href=\"https:\/\/gnsracing.com\/results\/2022\/2022-s3rs.html\" data-type=\"URL\" data-id=\"https:\/\/gnsracing.com\/results\/2022\/2022-s3rs.html\" target=\"_blank\" rel=\"noreferrer noopener\">S\u00e9rie 3 du mardi<\/a><\/th><th><a href=\"https:\/\/gnsracing.com\/results\/2022\/2022-s4rs.html\" data-type=\"URL\" data-id=\"https:\/\/gnsracing.com\/results\/2022\/2022-s4rs.html\" target=\"_blank\" rel=\"noreferrer noopener\">S\u00e9rie 4 du jeudi<\/a><\/th><\/tr><\/thead><tbody><tr><td><a href=\"https:\/\/gnsracing.com\/results\/2022\/2022-s3r1.html\" data-type=\"URL\" data-id=\"https:\/\/gnsracing.com\/results\/2022\/2022-s3r1.html\" target=\"_blank\" rel=\"noreferrer noopener\">Course 1 &#8211; 5 juillet<\/a><\/td><td><a href=\"https:\/\/gnsracing.com\/results\/2022\/2022-s4r1.html\" data-type=\"URL\" data-id=\"https:\/\/gnsracing.com\/results\/2022\/2022-s4r1.html\" target=\"_blank\" rel=\"noreferrer noopener\">Course 1 &#8211; 7 juillet<\/a><\/td><\/tr><tr><td><a href=\"https:\/\/gnsracing.com\/results\/2022\/2022-s3r2.html\" data-type=\"URL\" data-id=\"https:\/\/gnsracing.com\/results\/2022\/2022-s3r2.html\" target=\"_blank\" rel=\"noreferrer noopener\">Course 2 &#8211; 12 juillet<\/a><\/td><td><a href=\"https:\/\/gnsracing.com\/results\/2022\/2022-s4r2.html\" data-type=\"URL\" data-id=\"https:\/\/gnsracing.com\/results\/2022\/2022-s4r2.html\" target=\"_blank\" rel=\"noreferrer noopener\">Course 2 &#8211; 14 juillet<\/a><\/td><\/tr><tr><td><a href=\"https:\/\/gnsracing.com\/results\/2022\/2022-s3r3.html\" data-type=\"URL\" data-id=\"https:\/\/gnsracing.com\/results\/2022\/2022-s3r3.html\" target=\"_blank\" rel=\"noreferrer noopener\">Course 3 &#8211; 19 juillet<\/a><\/td><td><a href=\"https:\/\/gnsracing.com\/results\/2022\/2022-s4r3.html\" data-type=\"URL\" data-id=\"https:\/\/gnsracing.com\/results\/2022\/2022-s4r3.html\" target=\"_blank\" rel=\"noreferrer noopener\">Course 3 &#8211; 21 juillet<\/a><\/td><\/tr><tr><td><a href=\"https:\/\/gnsracing.com\/results\/2022\/2022-s3r4.html\" data-type=\"URL\" data-id=\"https:\/\/gnsracing.com\/results\/2022\/2022-s3r4.html\" target=\"_blank\" rel=\"noreferrer noopener\">Course 4 &#8211; 26 juillet<\/a><\/td><td><a href=\"https:\/\/gnsracing.com\/results\/2022\/2022-s4r4.html\" data-type=\"URL\" data-id=\"https:\/\/gnsracing.com\/results\/2022\/2022-s4r4.html\" target=\"_blank\" rel=\"noreferrer noopener\">Course 4 &#8211; 28 juillet<\/a><\/td><\/tr><tr><td><a href=\"https:\/\/gnsracing.com\/results\/2022\/2022-s3r5.html\" data-type=\"URL\" data-id=\"https:\/\/gnsracing.com\/results\/2022\/2022-s3r5.html\" target=\"_blank\" rel=\"noreferrer noopener\">Course 5 &#8211; 2 ao\u00fbt<\/a><\/td><td><a href=\"https:\/\/gnsracing.com\/results\/2022\/2022-s4r5.html\" data-type=\"URL\" data-id=\"https:\/\/gnsracing.com\/results\/2022\/2022-s4r5.html\" target=\"_blank\" rel=\"noreferrer noopener\">Course 5 &#8211; 4 ao\u00fbt<\/a><\/td><\/tr><tr><td><a href=\"https:\/\/gnsracing.com\/results\/2022\/2022-s3r6.html\" data-type=\"URL\" data-id=\"https:\/\/gnsracing.com\/results\/2022\/2022-s3r6.html\" target=\"_blank\" rel=\"noreferrer noopener\">Course 6 &#8211; 9 ao\u00fbt<\/a><\/td><td><a href=\"https:\/\/gnsracing.com\/results\/2022\/2022-s4r6.html\" data-type=\"URL\" data-id=\"https:\/\/gnsracing.com\/results\/2022\/2022-s4r6.html\" target=\"_blank\" rel=\"noreferrer noopener\">Course 6 &#8211; 11 ao\u00fbt<\/a><\/td><\/tr><tr><td><a href=\"https:\/\/gnsracing.com\/results\/2022\/2022-s3r1.html\" data-type=\"URL\" data-id=\"https:\/\/gnsracing.com\/results\/2022\/2022-s3r1.html\" target=\"_blank\" rel=\"noreferrer noopener\">Course 7 &#8211; 16 ao\u00fbt<\/a><\/td><td><a href=\"https:\/\/gnsracing.com\/results\/2022\/2022-s4r7.html\" data-type=\"URL\" data-id=\"https:\/\/gnsracing.com\/results\/2022\/2022-s4r7.html\" target=\"_blank\" rel=\"noreferrer noopener\">Course 7 &#8211; 18 ao\u00fbt<\/a><\/td><\/tr><tr><td><a href=\"https:\/\/gnsracing.com\/results\/2022\/2022-s3r8.html\" data-type=\"URL\" data-id=\"https:\/\/gnsracing.com\/results\/2022\/2022-s3r8.html\" target=\"_blank\" rel=\"noreferrer noopener\">Course 8 &#8211; 23 ao\u00fbt<\/a><\/td><td><a href=\"https:\/\/gnsracing.com\/results\/2022\/2022-s4r8.html\" data-type=\"URL\" data-id=\"https:\/\/gnsracing.com\/results\/2022\/2022-s4r8.html\" target=\"_blank\" rel=\"noreferrer noopener\">Course 8 &#8211; 25 ao\u00fbt<\/a><\/td><\/tr><tr><td><a href=\"https:\/\/gnsracing.com\/results\/2022\/2022-s3r9.html\" data-type=\"URL\" data-id=\"https:\/\/gnsracing.com\/results\/2022\/2022-s3r9.html\" target=\"_blank\" rel=\"noreferrer noopener\">Course 9 &#8211; 30 ao\u00fbt<\/a><\/td><td><a href=\"https:\/\/gnsracing.com\/results\/2022\/2022-s4r9.html\" data-type=\"URL\" data-id=\"https:\/\/gnsracing.com\/results\/2022\/2022-s4r9.html\" target=\"_blank\" rel=\"noreferrer noopener\">Course 9 &#8211; 1er septembre<\/a><\/td><\/tr><\/tbody><\/table><\/figure>\n\n\n\n<figure class=\"wp-block-table is-style-stripes\"><table><tbody><tr><td class=\"has-text-align-center\" data-align=\"center\">S\u00e9ries Interclub GNS 5<\/td><\/tr><tr><td class=\"has-text-align-center\" data-align=\"center\"><\/td><\/tr><\/tbody><\/table><\/figure>\n\n\n\n<figure class=\"wp-block-table\"><table><thead><tr><th><a href=\"https:\/\/gnsracing.com\/results\/2022\/2022-s5rs.html\" data-type=\"URL\" data-id=\"https:\/\/gnsracing.com\/results\/2022\/2022-s5rs.html\" target=\"_blank\" rel=\"noreferrer noopener\">Serie 5 dimanche<\/a><\/th><\/tr><\/thead><tbody><tr><td><a href=\"https:\/\/gnsracing.com\/results\/2022\/2022-s5r1.html\" data-type=\"URL\" data-id=\"https:\/\/gnsracing.com\/results\/2022\/2022-s5r1.html\" target=\"_blank\" rel=\"noreferrer noopener\">Course 1 &#8211; 4 septembre<\/a><\/td><\/tr><tr><td><a href=\"https:\/\/gnsracing.com\/results\/2022\/2022-s5r2.html\" data-type=\"URL\" data-id=\"https:\/\/gnsracing.com\/results\/2022\/2022-s5r2.html\" target=\"_blank\" rel=\"noreferrer noopener\">Course 2 &#8211; 4 septembre<\/a><\/td><\/tr><tr><td><a href=\"https:\/\/gnsracing.com\/results\/2022\/2022-s5r3.html\" data-type=\"URL\" data-id=\"https:\/\/gnsracing.com\/results\/2022\/2022-s5r3.html\" target=\"_blank\" rel=\"noreferrer noopener\">Course 3 &#8211; 11 septembre<\/a><\/td><\/tr><tr><td><a href=\"https:\/\/gnsracing.com\/results\/2022\/2022-s5r4.html\" data-type=\"URL\" data-id=\"https:\/\/gnsracing.com\/results\/2022\/2022-s5r4.html\" target=\"_blank\" rel=\"noreferrer noopener\">Course 4 &#8211; 11 septembre<\/a><\/td><\/tr><tr><td><a href=\"https:\/\/gnsracing.com\/results\/2022\/2022-s5r5.html\" data-type=\"URL\" data-id=\"https:\/\/gnsracing.com\/results\/2022\/2022-s5r5.html\" target=\"_blank\" rel=\"noreferrer noopener\">Course 5 &#8211; 18 septembre<\/a><\/td><\/tr><tr><td><a href=\"https:\/\/gnsracing.com\/results\/2022\/2022-s5r6.html\" data-type=\"URL\" data-id=\"https:\/\/gnsracing.com\/results\/2022\/2022-s5r6.html\" target=\"_blank\" rel=\"noreferrer noopener\">Course 6 &#8211; 18 septembre<\/a><\/td><\/tr><tr><td><a href=\"https:\/\/gnsracing.com\/results\/2022\/2022-s5r7.html\" data-type=\"URL\" data-id=\"https:\/\/gnsracing.com\/results\/2022\/2022-s5r7.html\" target=\"_blank\" rel=\"noreferrer noopener\">Course 7 &#8211; 25 septembre<\/a><\/td><\/tr><tr><td><a href=\"https:\/\/gnsracing.com\/results\/2022\/2022-s5r8.html\" data-type=\"URL\" data-id=\"https:\/\/gnsracing.com\/results\/2022\/2022-s5r8.html\" target=\"_blank\" rel=\"noreferrer noopener\">Course 8 &#8211; 25 septembre<\/a><\/td><\/tr><\/tbody><\/table><\/figure>\n\n\n\n<figure class=\"wp-block-table\"><table><thead><tr><th><a href=\"https:\/\/gnsracing.com\/results\/2022\/2022-FROSBITErs.html\" data-type=\"URL\" data-id=\"https:\/\/gnsracing.com\/results\/2022\/2022-FROSBITErs.html\">Serie FROSBITE dimanche<\/a><\/th><\/tr><\/thead><tbody><tr><td><a href=\"https:\/\/gnsracing.com\/results\/2022\/2022-FROSBITEr1.html\" data-type=\"URL\" data-id=\"https:\/\/gnsracing.com\/results\/2022\/2022-FROSBITEr1.html\" target=\"_blank\" rel=\"noreferrer noopener\">Course 1 &#8211; 2 octobre<\/a><\/td><\/tr><tr><td><a href=\"https:\/\/gnsracing.com\/results\/2022\/2022-FROSBITEr2.html\" data-type=\"URL\" data-id=\"https:\/\/gnsracing.com\/results\/2022\/2022-FROSBITEr2.html\" target=\"_blank\" rel=\"noreferrer noopener\">Course 2 &#8211; 2 octobre<\/a><\/td><\/tr><tr><td><a href=\"https:\/\/gnsracing.com\/results\/2022\/2022-FROSBITEr3.html\" data-type=\"URL\" data-id=\"https:\/\/gnsracing.com\/results\/2022\/2022-FROSBITEr3.html\">Course 3 &#8211; 2 octobre<\/a><\/td><\/tr><tr><td><a href=\"https:\/\/gnsracing.com\/results\/2022\/2022-FROSBITEr4.html\" data-type=\"URL\" data-id=\"https:\/\/gnsracing.com\/results\/2022\/2022-FROSBITEr4.html\">Course 4 &#8211; 9 octobre<\/a><\/td><\/tr><tr><td><a href=\"https:\/\/gnsracing.com\/results\/2022\/2022-FROSBITEr5.html\">Course 5 &#8211; 9 octobre<\/a><\/td><\/tr><tr><td><a href=\"https:\/\/gnsracing.com\/results\/2022\/2022-FROSBITEr6.html\" data-type=\"URL\" data-id=\"https:\/\/gnsracing.com\/results\/2022\/2022-FROSBITEr6.html\">Course 6 &#8211; 9 octobre<\/a><\/td><\/tr><tr><td><a href=\"https:\/\/gnsracing.com\/results\/2022\/2022-FROSBITEr7.html\">Course 7 &#8211; 16 octobre<\/a><\/td><\/tr><tr><td><a href=\"https:\/\/gnsracing.com\/results\/2022\/2022-FROSBITEr8.html\" data-type=\"URL\" data-id=\"https:\/\/gnsracing.com\/results\/2022\/2022-FROSBITEr8.html\">Course 8 &#8211; 16 octobre<\/a><\/td><\/tr><tr><td><a href=\"https:\/\/gnsracing.com\/results\/2022\/2022-FROSBITEr9.html\" data-type=\"URL\" data-id=\"https:\/\/gnsracing.com\/results\/2022\/2022-FROSBITEr9.html\">Course 9 &#8211; 16 octobre<\/a><\/td><\/tr><tr><td><a href=\"https:\/\/gnsracing.com\/results\/2022\/2022-FROSBITEr10.html\" data-type=\"URL\" data-id=\"https:\/\/gnsracing.com\/results\/2022\/2022-FROSBITEr10.html\">Course 10 &#8211; 23 octobre<\/a><\/td><\/tr><tr><td><a href=\"https:\/\/gnsracing.com\/results\/2022\/2022-FROSBITEr11.html\" data-type=\"URL\" data-id=\"https:\/\/gnsracing.com\/results\/2022\/2022-FROSBITEr11.html\">Course 11 &#8211; 23 octobre<\/a><\/td><\/tr><tr><td><a href=\"https:\/\/gnsracing.com\/results\/2022\/2022-FROSBITEr12.html\" data-type=\"URL\" data-id=\"https:\/\/gnsracing.com\/results\/2022\/2022-FROSBITEr12.html\">Course 12 &#8211; 23 octobre<\/a><\/td><\/tr><\/tbody><\/table><\/figure>\n\n\n\n<p><\/p>\n","protected":false},"excerpt":{"rendered":"<p>2022 R\u00e9sultats S\u00e9rie de pratique GNS Course 1 &#8211; 17 mai Course 2 &#8211; 19 mai S\u00e9ries Interclub GNS 1 &amp; 2 S\u00e9rie 1 du mardi S\u00e9rie 2 du jeudi Course 1 &#8211; 24 mai Course 1 &#8211; 26 mai Course 2 &#8211; 31 mai Course 2 &#8211; 2 juin Course 3 &#8211; 7 juin&hellip; <a class=\"more-link\" href=\"https:\/\/gnsracing.com\/?page_id=685\">Continue reading <span class=\"screen-reader-text\">2022 R\u00e9sultats<\/span><\/a><\/p>\n","protected":false},"author":2,"featured_media":0,"parent":0,"menu_order":0,"comment_status":"closed","ping_status":"closed","template":"","meta":{"footnotes":""},"class_list":["post-685","page","type-page","status-publish","hentry","entry"],"_links":{"self":[{"href":"https:\/\/gnsracing.com\/index.php?rest_route=\/wp\/v2\/pages\/685","targetHints":{"allow":["GET"]}}],"collection":[{"href":"https:\/\/gnsracing.com\/index.php?rest_route=\/wp\/v2\/pages"}],"about":[{"href":"https:\/\/gnsracing.com\/index.php?rest_route=\/wp\/v2\/types\/page"}],"author":[{"embeddable":true,"href":"https:\/\/gnsracing.com\/index.php?rest_route=\/wp\/v2\/users\/2"}],"replies":[{"embeddable":true,"href":"https:\/\/gnsracing.com\/index.php?rest_route=%2Fwp%2Fv2%2Fcomments&post=685"}],"version-history":[{"count":16,"href":"https:\/\/gnsracing.com\/index.php?rest_route=\/wp\/v2\/pages\/685\/revisions"}],"predecessor-version":[{"id":834,"href":"https:\/\/gnsracing.com\/index.php?rest_route=\/wp\/v2\/pages\/685\/revisions\/834"}],"wp:attachment":[{"href":"https:\/\/gnsracing.com\/index.php?rest_route=%2Fwp%2Fv2%2Fmedia&parent=685"}],"curies":[{"name":"wp","href":"https:\/\/api.w.org\/{rel}","templated":true}]}}