{"id":180,"date":"2021-10-11T21:03:17","date_gmt":"2021-10-11T21:03:17","guid":{"rendered":"https:\/\/gnsracing.com\/?page_id=180"},"modified":"2021-11-01T21:14:03","modified_gmt":"2021-11-01T21:14:03","slug":"results","status":"publish","type":"page","link":"https:\/\/gnsracing.com\/?page_id=180","title":{"rendered":"R\u00e9sultats GNS Results"},"content":{"rendered":"\n<figure class=\"wp-block-table is-style-regular\"><table><thead><tr><th>Quand<\/th><th><\/th><th>When<\/th><\/tr><\/thead><tbody><tr><td>29 juin au 20 juillet<\/td><td><a href=\"https:\/\/gnsracing.com\/results\/2021\/2021-s1rs.html\" data-type=\"URL\" data-id=\"https:\/\/gnsracing.com\/results\/2021\/2021-s1rs.html\" target=\"_blank\" rel=\"noreferrer noopener\">GNS Serie 1<\/a><\/td><td>June 29<sup>th<\/sup> &#8211; July 20<sup>th<\/sup><\/td><\/tr><tr><td>1er au 22 juillet<\/td><td><a href=\"https:\/\/gnsracing.com\/results\/2021\/2021-s2rs.html\" data-type=\"URL\" data-id=\"https:\/\/gnsracing.com\/results\/2021\/2021-s2rs.html\" target=\"_blank\" rel=\"noreferrer noopener\">GNS Serie 2<\/a><\/td><td>July 1<sup>st<\/sup> to 22<sup>nd<\/sup><\/td><\/tr><tr><td>27 juillet au 24 ao\u00fbt<\/td><td><a href=\"https:\/\/gnsracing.com\/results\/2021\/2021-s3rs.html\" data-type=\"URL\" data-id=\"https:\/\/gnsracing.com\/results\/2021\/2021-s3rs.html\" target=\"_blank\" rel=\"noreferrer noopener\">GNS Serie 3<\/a><\/td><td>July 27<sup>th<\/sup> to August 24<sup>th<\/sup><\/td><\/tr><tr><td>29 juillet au 26 ao\u00fbt<\/td><td><a href=\"https:\/\/gnsracing.com\/results\/2021\/2021-s4rs.html\" data-type=\"URL\" data-id=\"https:\/\/gnsracing.com\/results\/2021\/2021-s4rs.html\" target=\"_blank\" rel=\"noreferrer noopener\">GNS Serie 4<\/a><\/td><td>July 29<sup>th<\/sup> to August 26<sup>th<\/sup><\/td><\/tr><tr><td>29 ao\u00fbt et 12 septembre<\/td><td><a href=\"https:\/\/gnsracing.com\/results\/2021\/2021-s5rs.html\" data-type=\"URL\" data-id=\"https:\/\/gnsracing.com\/results\/2021\/2021-s5rs.html\" target=\"_blank\" rel=\"noreferrer noopener\">GNS Serie 5<\/a><\/td><td>August 29<sup>th<\/sup> &amp; September 12<sup>th<\/sup><\/td><\/tr><tr><td>19 et 26 septembre<\/td><td><a href=\"https:\/\/gnsracing.com\/results\/2021\/2021-s6rs.html\" data-type=\"URL\" data-id=\"https:\/\/gnsracing.com\/results\/2021\/2021-s6rs.html\">GNS Serie 6<\/a><\/td><td>September 19<sup>th<\/sup> &amp; 26<sup>th<\/sup><\/td><\/tr><\/tbody><\/table><\/figure>\n","protected":false},"excerpt":{"rendered":"<p>Quand When 29 juin au 20 juillet GNS Serie 1 June 29th &#8211; July 20th 1er au 22 juillet GNS Serie 2 July 1st to 22nd 27 juillet au 24 ao\u00fbt GNS Serie 3 July 27th to August 24th 29 juillet au 26 ao\u00fbt GNS Serie 4 July 29th to August 26th 29 ao\u00fbt et&hellip; <a class=\"more-link\" href=\"https:\/\/gnsracing.com\/?page_id=180\">Continue reading <span class=\"screen-reader-text\">R\u00e9sultats GNS Results<\/span><\/a><\/p>\n","protected":false},"author":2,"featured_media":0,"parent":96,"menu_order":0,"comment_status":"closed","ping_status":"closed","template":"","meta":{"footnotes":""},"class_list":["post-180","page","type-page","status-publish","hentry","entry"],"_links":{"self":[{"href":"https:\/\/gnsracing.com\/index.php?rest_route=\/wp\/v2\/pages\/180","targetHints":{"allow":["GET"]}}],"collection":[{"href":"https:\/\/gnsracing.com\/index.php?rest_route=\/wp\/v2\/pages"}],"about":[{"href":"https:\/\/gnsracing.com\/index.php?rest_route=\/wp\/v2\/types\/page"}],"author":[{"embeddable":true,"href":"https:\/\/gnsracing.com\/index.php?rest_route=\/wp\/v2\/users\/2"}],"replies":[{"embeddable":true,"href":"https:\/\/gnsracing.com\/index.php?rest_route=%2Fwp%2Fv2%2Fcomments&post=180"}],"version-history":[{"count":4,"href":"https:\/\/gnsracing.com\/index.php?rest_route=\/wp\/v2\/pages\/180\/revisions"}],"predecessor-version":[{"id":562,"href":"https:\/\/gnsracing.com\/index.php?rest_route=\/wp\/v2\/pages\/180\/revisions\/562"}],"up":[{"embeddable":true,"href":"https:\/\/gnsracing.com\/index.php?rest_route=\/wp\/v2\/pages\/96"}],"wp:attachment":[{"href":"https:\/\/gnsracing.com\/index.php?rest_route=%2Fwp%2Fv2%2Fmedia&parent=180"}],"curies":[{"name":"wp","href":"https:\/\/api.w.org\/{rel}","templated":true}]}}