{"id":14,"date":"2021-06-08T20:53:04","date_gmt":"2021-06-08T20:53:04","guid":{"rendered":"https:\/\/gnsracing.com\/?page_id=14"},"modified":"2026-03-08T19:04:42","modified_gmt":"2026-03-09T00:04:42","slug":"series-gns","status":"publish","type":"page","link":"https:\/\/gnsracing.com\/?page_id=14","title":{"rendered":"Page d&#8217;accueil"},"content":{"rendered":"\n<div class=\"wp-block-media-text alignwide is-stacked-on-mobile is-vertically-aligned-center is-style-twentytwentyone-border\" style=\"grid-template-columns:30% auto\"><figure class=\"wp-block-media-text__media\"><img loading=\"lazy\" decoding=\"async\" width=\"768\" height=\"189\" src=\"https:\/\/gnsracing.com\/wp-content\/uploads\/2021\/11\/byc-pcyc-rslyc-1000x246-768x189-1.png\" alt=\"\" class=\"wp-image-641 size-full\" srcset=\"https:\/\/gnsracing.com\/wp-content\/uploads\/2021\/11\/byc-pcyc-rslyc-1000x246-768x189-1.png 768w, https:\/\/gnsracing.com\/wp-content\/uploads\/2021\/11\/byc-pcyc-rslyc-1000x246-768x189-1-300x74.png 300w\" sizes=\"auto, (max-width: 768px) 100vw, 768px\" \/><\/figure><div class=\"wp-block-media-text__content\">\n<h2 class=\"wp-block-heading has-text-align-center\"> Bienvenue aux s\u00e9ries interclub GNS du Lac St-Louis <\/h2>\n<\/div><\/div>\n\n\n\n<h5 class=\"wp-block-heading alignwide has-text-align-center\">Yacht Club de Beaconsfield, Yacht Club de Pointe-Claire et Yacht Club Royal Saint-Laurent<\/h5>\n\n\n\n<h5 class=\"wp-block-heading has-text-align-center\">Lac St-Louis, Montr\u00e9al (Qu\u00e9bec), Canada<\/h5>\n\n\n\n<div class=\"wp-block-buttons is-content-justification-center is-layout-flex wp-container-core-buttons-is-layout-16018d1d wp-block-buttons-is-layout-flex\">\n<div class=\"wp-block-button has-custom-width wp-block-button__width-75 is-style-outline is-style-outline--1\"><a class=\"wp-block-button__link has-black-color has-yellow-to-purple-gradient-background has-text-color has-background wp-element-button\" href=\"https:\/\/www.racingrulesofsailing.org\/documents\/13860\/event?name=2025%2520GNS%2520S%25C3%25A9ries%2520Interclub%2520Series\" style=\"border-radius:30px\">Tableau d&#8217;information officiel<\/a><\/div>\n\n\n\n<div class=\"wp-block-button has-custom-width wp-block-button__width-75 is-style-outline is-style-outline--2\"><a class=\"wp-block-button__link has-black-color has-yellow-to-purple-gradient-background has-text-color has-background wp-element-button\" href=\"https:\/\/gnsracing.com\/?page_id=1379\" style=\"border-radius:30px\">R\u00e9sultats 2026<\/a><\/div>\n<\/div>\n\n\n\n<div class=\"wp-block-group is-style-twentytwentyone-border has-dark-gray-color has-white-background-color has-text-color has-background is-layout-flex wp-block-group-is-layout-flex\">\n<h2 class=\"wp-block-heading has-text-align-center has-large-font-size\"><strong>Inscription au courses<\/strong><\/h2>\n\n\n\n<p><span lang=\"FR-CA\" style=\"mso-ansi-language: FR-CA;\">Tous les coureurs qui d\u00e9sirent participer aux s\u00e9ries GNS 2026 doivent <\/span><a href=\"https:\/\/www.racingrulesofsailing.org\/registrations?event_id=11097\" data-type=\"URL\" data-id=\"https:\/\/docs.google.com\/forms\/d\/e\/1FAIpQLSfhnLTpEDvOqdhKMYPj_E_Idk6D6sChMdiozg07i1XzdC_cyw\/viewform\" target=\"_blank\" rel=\"noreferrer noopener\"><strong>s&#8217;inscrire<\/strong><\/a><span lang=\"FR-CA\" style=\"mso-ansi-language: FR-CA;\"><strong>.<\/strong><\/span> Le comit\u00e9 des courses doit avoir vos coordonn\u00e9es \u00e0 des fin de communication.<br>Si c&#8217;est votre premi\u00e8re inscription, vous devez d&#8217;abord vous <a href=\"https:\/\/www.racingrulesofsailing.org\/users\/sign_up\">inscrire (sign-up)<\/a>. <br>Aussi, un handicap <a href=\"https:\/\/slvyra.com\/fr\/handicaps\/\">SLVYRA <\/a>est requis pour que vous puissiez courir.<\/p>\n<\/div>\n\n\n\n<figure class=\"wp-block-pullquote has-text-align-left has-small-font-size\"><blockquote><p>Rappel du comit\u00e9 de course \u00e0 la div. 1<\/p><cite>Avis de Course, 4.2. \u2026 \u201cUn changement de division lors du d\u00e9roulement d\u2019une s\u00e9rie n\u2019est pas permis.\u201d<br>Avis de Course, 4.5. \u201cLes bateaux enregistr\u00e9s dans une division sans spinnaker (voile blanche) doivent avoir un drapeau blanc appos\u00e9 sur leur pataras.<br>Avis de course, 4.6. \u201cun bateau doit d\u00e9cider de courir une s\u00e9rie enti\u00e8re avec soit un handicap de voile blanche soit un handicap de spinnaker. Le changement d\u2019handicap au sein d&#8217;une s\u00e9rie n&#8217;est pas autoris\u00e9.&nbsp;\u201c<\/cite><\/blockquote><\/figure>\n\n\n\n<div class=\"wp-block-buttons is-content-justification-center is-layout-flex wp-container-core-buttons-is-layout-16018d1d wp-block-buttons-is-layout-flex\">\n<div class=\"wp-block-button has-custom-width wp-block-button__width-75 is-style-outline is-style-outline--3\"><a class=\"wp-block-button__link has-black-color has-yellow-to-purple-gradient-background has-text-color has-background wp-element-button\" href=\"https:\/\/slvyra.com\/fr\/handicaps\/\" style=\"border-radius:30px\">Demande d&#8217;handicap (SLVYRA)<\/a><\/div>\n\n\n\n<div class=\"wp-block-button has-custom-width wp-block-button__width-75 is-style-outline is-style-outline--4\"><a class=\"wp-block-button__link has-black-color has-yellow-to-purple-gradient-background has-text-color has-background wp-element-button\" href=\"https:\/\/gnsracing.com\/?page_id=1132\" style=\"border-radius:30px\">Archive des documents de courses<\/a><\/div>\n\n\n\n<div class=\"wp-block-button has-custom-width wp-block-button__width-75 is-style-outline is-style-outline--5\"><a class=\"wp-block-button__link has-black-color has-yellow-to-purple-gradient-background has-text-color has-background wp-element-button\" href=\"https:\/\/gnsracing.com\/?page_id=694\" style=\"border-radius:30px\" target=\"_blank\" rel=\"noreferrer noopener\">Archive des r\u00e9sultats des courses<\/a><\/div>\n<\/div>\n\n\n\n<div class=\"wp-block-columns is-layout-flex wp-container-core-columns-is-layout-9d6595d7 wp-block-columns-is-layout-flex\">\n<div class=\"wp-block-column is-layout-flow wp-block-column-is-layout-flow\">\n<figure class=\"wp-block-image size-large\"><a href=\"https:\/\/www.byc.qc.ca\/\"><img loading=\"lazy\" decoding=\"async\" width=\"225\" height=\"147\" src=\"https:\/\/gnsracing.com\/wp-content\/uploads\/2021\/06\/BYC-225x147-1.png\" alt=\"Beaconsfield Yacht Club\" class=\"wp-image-153\"\/><\/a><\/figure>\n<\/div>\n\n\n\n<div class=\"wp-block-column is-layout-flow wp-block-column-is-layout-flow\">\n<figure class=\"wp-block-image size-large\"><a href=\"https:\/\/www.pcyc.qc.ca\/fr\/home-fr\"><img loading=\"lazy\" decoding=\"async\" width=\"750\" height=\"500\" src=\"https:\/\/gnsracing.com\/wp-content\/uploads\/2021\/06\/pcyc_burgee.png\" alt=\"Yacht Club Pointe-Claire\" class=\"wp-image-187\" srcset=\"https:\/\/gnsracing.com\/wp-content\/uploads\/2021\/06\/pcyc_burgee.png 750w, https:\/\/gnsracing.com\/wp-content\/uploads\/2021\/06\/pcyc_burgee-300x200.png 300w\" sizes=\"auto, (max-width: 750px) 100vw, 750px\" \/><\/a><\/figure>\n\n\n<div class=\"wp-block-image\">\n<figure class=\"aligncenter size-full\"><a href=\"https:\/\/slvyra.com\/\"><img loading=\"lazy\" decoding=\"async\" width=\"125\" height=\"125\" src=\"https:\/\/gnsracing.com\/wp-content\/uploads\/2021\/06\/slvyra-125x125-1-1.png\" alt=\"\" class=\"wp-image-214\"\/><\/a><\/figure>\n<\/div><\/div>\n\n\n\n<div class=\"wp-block-column is-layout-flow wp-block-column-is-layout-flow\">\n<figure class=\"wp-block-image size-large\"><a href=\"https:\/\/fr.rstlyc.qc.ca\/index.cfm?\"><img loading=\"lazy\" decoding=\"async\" width=\"225\" height=\"135\" src=\"https:\/\/gnsracing.com\/wp-content\/uploads\/2021\/06\/RSLYC-225x135-1.png\" alt=\"Yacht Club Royal St-Laurent\" class=\"wp-image-155\"\/><\/a><\/figure>\n<\/div>\n<\/div>\n\n\n\n<div class=\"wp-block-buttons is-vertical is-content-justification-center is-layout-flex wp-container-core-buttons-is-layout-7e4a1ecc wp-block-buttons-is-layout-flex\">\n<div class=\"wp-block-button\"><a class=\"wp-block-button__link wp-element-button\" href=\"results\/2023\/GNS-Holding_files\/Score-Sheet-GNS.pdf\" target=\"_blank\" rel=\"noreferrer noopener\">Feuilles de pointage pour comit\u00e9 de course<\/a><\/div>\n<\/div>\n","protected":false},"excerpt":{"rendered":"<p>Bienvenue aux s\u00e9ries interclub GNS du Lac St-Louis Yacht Club de Beaconsfield, Yacht Club de Pointe-Claire et Yacht Club Royal Saint-Laurent Lac St-Louis, Montr\u00e9al (Qu\u00e9bec), Canada Inscription au courses Tous les coureurs qui d\u00e9sirent participer aux s\u00e9ries GNS 2026 doivent s&#8217;inscrire. Le comit\u00e9 des courses doit avoir vos coordonn\u00e9es \u00e0 des fin de communication.Si c&#8217;est&hellip; <a class=\"more-link\" href=\"https:\/\/gnsracing.com\/?page_id=14\">Continue reading <span class=\"screen-reader-text\">Page d&#8217;accueil<\/span><\/a><\/p>\n","protected":false},"author":2,"featured_media":0,"parent":0,"menu_order":0,"comment_status":"closed","ping_status":"closed","template":"","meta":{"footnotes":""},"class_list":["post-14","page","type-page","status-publish","hentry","entry"],"_links":{"self":[{"href":"https:\/\/gnsracing.com\/index.php?rest_route=\/wp\/v2\/pages\/14","targetHints":{"allow":["GET"]}}],"collection":[{"href":"https:\/\/gnsracing.com\/index.php?rest_route=\/wp\/v2\/pages"}],"about":[{"href":"https:\/\/gnsracing.com\/index.php?rest_route=\/wp\/v2\/types\/page"}],"author":[{"embeddable":true,"href":"https:\/\/gnsracing.com\/index.php?rest_route=\/wp\/v2\/users\/2"}],"replies":[{"embeddable":true,"href":"https:\/\/gnsracing.com\/index.php?rest_route=%2Fwp%2Fv2%2Fcomments&post=14"}],"version-history":[{"count":275,"href":"https:\/\/gnsracing.com\/index.php?rest_route=\/wp\/v2\/pages\/14\/revisions"}],"predecessor-version":[{"id":1397,"href":"https:\/\/gnsracing.com\/index.php?rest_route=\/wp\/v2\/pages\/14\/revisions\/1397"}],"wp:attachment":[{"href":"https:\/\/gnsracing.com\/index.php?rest_route=%2Fwp%2Fv2%2Fmedia&parent=14"}],"curies":[{"name":"wp","href":"https:\/\/api.w.org\/{rel}","templated":true}]}}